{"id":2,"date":"2014-10-30T17:48:16","date_gmt":"2014-10-30T17:48:16","guid":{"rendered":"http:\/\/pinchapincha.com\/apppin\/?page_id=2"},"modified":"2017-04-11T14:20:06","modified_gmt":"2017-04-11T17:20:06","slug":"sample-page","status":"publish","type":"page","link":"https:\/\/pinchapincha.com\/apppin\/","title":{"rendered":"Quienes Somos"},"content":{"rendered":"<p>Luego de 35 a\u00f1os reconocidos en plaza en el ramo de rectificados de motores de motos, en 1999 comenzamos el camino de la importaci\u00f3n.\u00a0 Llegan de nuestra mano AIP, CHERRY y AILYN (made in India) con gran aceptaci\u00f3n en el mercado. Dado el exelente resultado del nuevo emprendimiento, derivamos la parte de rectificados a NC motos y nos dedicamos exclusivamente \u00a0a la importaci\u00f3n y venta de nuestros\u00a0 productos.\u00a0 Se le agregan cubiertas y c\u00e1maras DUNLOP (para motos) que rinden m\u00e1s de 25.ooo km, pistones aros y repuestos para motosierras, y \u00a0el incre\u00edble\u00a0 gel \u201cSeal-O- Matic\u201d preventivo de pinchazos. El usuario comprueba que protegiendo sus ruedas evita perder tiempo. El trabajar sin inconvenientes, aumenta sus ganancias desquitando decenas de veces el gasto de su inversi\u00f3n.<\/p>\n<p><iframe loading=\"lazy\" title=\"SEAL O MATIC PRADO SET 2012\" width=\"1170\" height=\"878\" src=\"https:\/\/www.youtube.com\/embed\/s-j2pnoFGpk?feature=oembed\" frameborder=\"0\" allow=\"accelerometer; autoplay; clipboard-write; encrypted-media; gyroscope; picture-in-picture\" allowfullscreen><\/iframe><\/p>\n<p>El trabajar si parar, m\u00e1s el ahorro de las reparaciones es una buena caja de ahorro.<\/p>\n<p>D\u00eda a d\u00eda logramos que el sellador de mejor resultado, agregando a lo que sugiere la f\u00e1brica (todo tipo de veh\u00edculos) en el 2014, \u00a0nuestros 15 \u00a0a\u00f1os de experiencia.<\/p>\n<p><iframe loading=\"lazy\" title=\"Seal-o-Matic\" width=\"1170\" height=\"658\" src=\"https:\/\/www.youtube.com\/embed\/699D1CJH1Hc?feature=oembed\" frameborder=\"0\" allow=\"accelerometer; autoplay; clipboard-write; encrypted-media; gyroscope; picture-in-picture\" allowfullscreen><\/iframe><\/p>\n<p>Logrando as\u00ed un exelente resultado en reparaci\u00f3n de: \u00a0vejigas de aire, botes de goma, colchones inflables, \u00a0pelotas de f\u00fatbol, piscinas etc. Y la gran soluci\u00f3n para tractores de Jard\u00edn !<\/p>\n<p><iframe loading=\"lazy\" title=\"Reparaci\u00f3n en rueda de tractor de jard\u00edn con Seal-O-Matic\" width=\"1170\" height=\"658\" src=\"https:\/\/www.youtube.com\/embed\/uXNHpZwiVnw?feature=oembed\" frameborder=\"0\" allow=\"accelerometer; autoplay; clipboard-write; encrypted-media; gyroscope; picture-in-picture\" allowfullscreen><\/iframe><\/p>\n<p>Cientos de clientes satisfechos, lo abalan en sus testimonios.<\/p>\n<p>Al pasar los a\u00f1os, nos seguimos esforzando para solucionar los problemas que por pinchaduras, lleguen a las ruedas de los \u00a0veh\u00edculos de \u00a0nuestros clientes y amigos , y de todo lo que (con presi\u00f3n de aire) les ocasione dificultades.<\/p>\n<p>Con nuestro sellador Seal-O-Matic sus ruedas superar\u00e1n con creces la confianza que ud. ha depositado en nosotros. Una vez que lo pruebe, comprobar\u00e1 tambi\u00e9n ud. que mejora su econom\u00eda.<\/p>\n<p>Lo esperamos, <em><span style=\"color: #333399;\">SER\u00c1 SU MEJOR DECISI\u00d3N<\/span><\/em>.<\/p>\n<p>&nbsp;<\/p>\n","protected":false},"excerpt":{"rendered":"<p>Luego de 35 a\u00f1os reconocidos en plaza en el ramo de rectificados de motores de motos, en 1999 comenzamos el camino de la importaci\u00f3n.\u00a0 Llegan de nuestra mano AIP, CHERRY y AILYN (made in India) con gran aceptaci\u00f3n en el mercado. Dado el exelente resultado del nuevo emprendimiento, derivamos la parte de rectificados a NC&hellip;<\/p>\n<p class=\"more-link\"><a href=\"https:\/\/pinchapincha.com\/apppin\/\" class=\"themebutton2\">Leer m\u00e1s<\/a><\/p>\n","protected":false},"author":1,"featured_media":0,"parent":0,"menu_order":5,"comment_status":"closed","ping_status":"closed","template":"","meta":{"footnotes":""},"class_list":["post-2","page","type-page","status-publish","hentry"],"_links":{"self":[{"href":"https:\/\/pinchapincha.com\/apppin\/wp-json\/wp\/v2\/pages\/2","targetHints":{"allow":["GET"]}}],"collection":[{"href":"https:\/\/pinchapincha.com\/apppin\/wp-json\/wp\/v2\/pages"}],"about":[{"href":"https:\/\/pinchapincha.com\/apppin\/wp-json\/wp\/v2\/types\/page"}],"author":[{"embeddable":true,"href":"https:\/\/pinchapincha.com\/apppin\/wp-json\/wp\/v2\/users\/1"}],"replies":[{"embeddable":true,"href":"https:\/\/pinchapincha.com\/apppin\/wp-json\/wp\/v2\/comments?post=2"}],"version-history":[{"count":3,"href":"https:\/\/pinchapincha.com\/apppin\/wp-json\/wp\/v2\/pages\/2\/revisions"}],"predecessor-version":[{"id":1343,"href":"https:\/\/pinchapincha.com\/apppin\/wp-json\/wp\/v2\/pages\/2\/revisions\/1343"}],"wp:attachment":[{"href":"https:\/\/pinchapincha.com\/apppin\/wp-json\/wp\/v2\/media?parent=2"}],"curies":[{"name":"wp","href":"https:\/\/api.w.org\/{rel}","templated":true}]}}